{"id":21,"date":"2020-01-21T15:55:51","date_gmt":"2020-01-21T15:55:51","guid":{"rendered":"https:\/\/immovive.ch\/?page_id=21"},"modified":"2024-07-22T19:25:34","modified_gmt":"2024-07-22T19:25:34","slug":"objekt","status":"publish","type":"page","link":"https:\/\/immovive.ch\/index.php\/objekt\/","title":{"rendered":"Ihr neues Zuhause?"},"content":{"rendered":"\n<p>Die Liegenschaft wurde nach neuestem Baustandard mit Lift, hervorragender Isolation und zweckm\u00e4ssiger Einteilung konzipiert und gebaut. Die hellen 2.5, 3.5 und 4.5 Zimmer-Wohnungen wurden ab&nbsp;<strong>M\u00e4rz 2020<\/strong>&nbsp;f\u00fcr den&nbsp;<strong>Erstbezug<\/strong>&nbsp;bereitgestellt. Das aktuelle Mietangebot sieht wie folgt aus:<\/p>\n\n\n\n<p><strong>6 helle Mietwohnungen mit Lift<\/strong><\/p>\n\n\n\n<p><strong>2.5 Zi-Wohnung 69 m<sup>2<\/sup>, 3. OG  <\/strong>(vermietet)<\/p>\n\n\n\n<p><strong>2.5 Zi-Wohnung 78 m<sup>2<\/sup>, 3. OG <\/strong>(vermietet)<\/p>\n\n\n\n<p><strong>3.5 Zi-Wohnung 78 m<sup>2<\/sup>, 1. OG<\/strong><strong>&nbsp;<\/strong>(vermietet)<\/p>\n\n\n\n<p><strong>3.5 Zi-Wohnung 78 m<sup>2<\/sup>, 2. OG<\/strong> (vermietet)<\/p>\n\n\n\n<p><strong>4.5 Zi-Wohnung 96 m<sup>2<\/sup>, 1. OG<\/strong> (vermietet)<\/p>\n\n\n\n<p><strong>4.5 Zi-Wohnung 96 m<sup>2<\/sup>, 2. OG<\/strong> (vermietet)<\/p>\n","protected":false},"excerpt":{"rendered":"<p>Die Liegenschaft wurde nach neuestem Baustandard mit Lift, hervorragender Isolation und zweckm\u00e4ssiger Einteilung konzipiert und gebaut. Die hellen 2.5, 3.5 und 4.5 Zimmer-Wohnungen wurden ab&nbsp;M\u00e4rz 2020&nbsp;f\u00fcr den&nbsp;Erstbezug&nbsp;bereitgestellt. Das aktuelle Mietangebot sieht wie folgt aus: 6 helle Mietwohnungen mit Lift 2.5 Zi-Wohnung 69 m2, 3. OG (vermietet) 2.5 Zi-Wohnung 78 m2, 3. OG (vermietet) 3.5 Zi-Wohnung &hellip; <\/p>\n<p class=\"link-more\"><a href=\"https:\/\/immovive.ch\/index.php\/objekt\/\" class=\"more-link\"><span class=\"screen-reader-text\">\u201eIhr neues Zuhause?\u201c<\/span> weiterlesen<\/a><\/p>\n","protected":false},"author":1,"featured_media":41,"parent":0,"menu_order":0,"comment_status":"closed","ping_status":"closed","template":"","meta":{"footnotes":""},"_links":{"self":[{"href":"https:\/\/immovive.ch\/index.php\/wp-json\/wp\/v2\/pages\/21"}],"collection":[{"href":"https:\/\/immovive.ch\/index.php\/wp-json\/wp\/v2\/pages"}],"about":[{"href":"https:\/\/immovive.ch\/index.php\/wp-json\/wp\/v2\/types\/page"}],"author":[{"embeddable":true,"href":"https:\/\/immovive.ch\/index.php\/wp-json\/wp\/v2\/users\/1"}],"replies":[{"embeddable":true,"href":"https:\/\/immovive.ch\/index.php\/wp-json\/wp\/v2\/comments?post=21"}],"version-history":[{"count":13,"href":"https:\/\/immovive.ch\/index.php\/wp-json\/wp\/v2\/pages\/21\/revisions"}],"predecessor-version":[{"id":164,"href":"https:\/\/immovive.ch\/index.php\/wp-json\/wp\/v2\/pages\/21\/revisions\/164"}],"wp:featuredmedia":[{"embeddable":true,"href":"https:\/\/immovive.ch\/index.php\/wp-json\/wp\/v2\/media\/41"}],"wp:attachment":[{"href":"https:\/\/immovive.ch\/index.php\/wp-json\/wp\/v2\/media?parent=21"}],"curies":[{"name":"wp","href":"https:\/\/api.w.org\/{rel}","templated":true}]}}